{"id":241,"date":"2025-02-25T12:41:40","date_gmt":"2025-02-25T11:41:40","guid":{"rendered":"https:\/\/weg-von-windows.ch\/?page_id=241"},"modified":"2025-03-31T09:23:45","modified_gmt":"2025-03-31T07:23:45","slug":"extras","status":"publish","type":"page","link":"https:\/\/weg-von-windows.ch\/index.php\/extras\/","title":{"rendered":"EXTRAS"},"content":{"rendered":"<p><span style=\"font-family: helvetica, arial, sans-serif;\"><img loading=\"lazy\" decoding=\"async\" class=\"alignnone size-full wp-image-198\" src=\"https:\/\/linux-notebook.ch\/wp-content\/uploads\/2023\/06\/Linux-extras.jpg\" alt=\"\" width=\"963\" height=\"963\" \/><\/span><\/p>\n<p><span style=\"color: #345c00; font-size: 24pt; font-family: helvetica, arial, sans-serif;\">DATENSICHERUNG<\/span><\/p>\n<p><span style=\"font-family: helvetica, arial, sans-serif;\">Konfiguration des System- und Datensicherungs-tools timeshift (optional: t\u00e4glich \/ w\u00f6chentlich od. variabel) + separates Daten-Backup<\/span><\/p>\n<p><span style=\"font-family: helvetica, arial, sans-serif;\"><strong>Modell:<\/strong> <span style=\"color: #345c000;\"><strong>Toshiba Externe Festplatte Canvio Basics 4 TB<\/strong><\/span><\/span><br \/>\n<span style=\"font-family: helvetica, arial, sans-serif;\">Verbindungsm\u00f6glichkeiten: USB 3.0, abw\u00e4rtskompatibel mit USB 2.0<\/span><br \/>\n<span style=\"font-family: helvetica, arial, sans-serif;\">Stromversorgung \u00fcber USB<\/span><br \/>\n<span style=\"font-family: helvetica, arial, sans-serif;\">LINUX ext4-formatiert f\u00fcr LINUX mint<\/span><br \/>\n<span style=\"font-family: helvetica, arial, sans-serif;\">Plug-and-Play + LINUX mounted<\/span><\/p>\n<p><span style=\"font-family: helvetica, arial, sans-serif;\"><img loading=\"lazy\" decoding=\"async\" class=\"size-full wp-image-271 aligncenter\" src=\"https:\/\/linux-notebook.ch\/wp-content\/uploads\/2023\/06\/toshiba_4TB.jpg\" alt=\"\" width=\"800\" height=\"600\" \/><span style=\"font-size: 48pt; color: #345c00;\"><sup>180,-<\/sup><sub>CHF<\/sub><\/span><\/span><\/p>\n<hr \/>\n<p><span style=\"font-size: 24pt; font-family: helvetica, arial, sans-serif; color: #345c00;\">VIRTUELLE MASCHINE (Windows)<\/span><\/p>\n<p><span style=\"font-family: helvetica, arial, sans-serif;\">Konfiguration einer virtuellen Maschine (optional: VMWare* od. virtual box)<\/span><\/p>\n<p><span style=\"font-family: helvetica, arial, sans-serif;\">Installation und Konfiguration eines Windows-Betriebssystems** (optional: Win 11, 10, 7, XP)<\/span><\/p>\n<p><strong><span style=\"font-family: helvetica, arial, sans-serif;\">So sieht eine Anwendung des Betriebssystems Windows 10 unter Deinem Endger\u00e4t aus:<\/span><\/strong><\/p>\n<p><span style=\"font-family: helvetica, arial, sans-serif;\">Demo-Clip: virtuelle Maschine Windows 10 unter LINUX mint.\u00a0<\/span><\/p>\n<div style=\"width: 1680px;\" class=\"wp-video\"><video class=\"wp-video-shortcode\" id=\"video-241-1\" width=\"1680\" height=\"1050\" preload=\"metadata\" controls=\"controls\"><source type=\"video\/mp4\" src=\"https:\/\/linux-notebook.ch\/wp-content\/uploads\/2023\/06\/virtuelle_Maschine.mp4?_=1\" \/><a href=\"https:\/\/linux-notebook.ch\/wp-content\/uploads\/2023\/06\/virtuelle_Maschine.mp4\">https:\/\/linux-notebook.ch\/wp-content\/uploads\/2023\/06\/virtuelle_Maschine.mp4<\/a><\/video><\/div>\n<p>&nbsp;<\/p>\n<p><span style=\"font-family: helvetica, arial, sans-serif;\">\u2026 oder, vielleicht Deine alte Lieblings-Software unter Windows XP?<\/span><\/p>\n<p><span style=\"font-family: helvetica, arial, sans-serif;\"><strong>So sieht eine Anwendung des Betriebssystems Windows XP unter Deinem Endger\u00e4t aus:<\/strong><\/span><\/p>\n<p><span style=\"font-family: helvetica, arial, sans-serif;\">Demo-Clip: virtuelle Maschine Windows XP unter LINUX mint.\u00a0<\/span><\/p>\n<div style=\"width: 1680px;\" class=\"wp-video\"><video class=\"wp-video-shortcode\" id=\"video-241-2\" width=\"1680\" height=\"1050\" preload=\"metadata\" controls=\"controls\"><source type=\"video\/mp4\" src=\"https:\/\/weg-von-windows.ch\/wp-content\/uploads\/2025\/03\/XP.mp4?_=2\" \/><a href=\"https:\/\/weg-von-windows.ch\/wp-content\/uploads\/2025\/03\/XP.mp4\">https:\/\/weg-von-windows.ch\/wp-content\/uploads\/2025\/03\/XP.mp4<\/a><\/video><\/div>\n<p>&nbsp;<\/p>\n<p><span style=\"font-size: 48pt; font-family: helvetica, arial, sans-serif; color: #345c00;\"><sup>120,-<\/sup> <sub>CHF<\/sub><\/span><\/p>\n<p><span style=\"font-family: helvetica, arial, sans-serif;\">evtl. zus\u00e4tzliche Kosten:<\/span><\/p>\n<p><span style=\"font-family: helvetica, arial, sans-serif;\">*f\u00fcr eine gewerbliche Nutzung muss f\u00fcr VMWare eine Lizenz erworben werden<\/span><\/p>\n<p><span style=\"font-family: helvetica, arial, sans-serif;\">**sofern noch keine Windows-Lizenz vorhanden ist, muss diese erworben werden<\/span><\/p>\n<p><span style=\"font-family: helvetica, arial, sans-serif; color: #ff6600;\">F\u00fcr Anwendungen die mehr als 8GB Grafikspeicher erfordern ist eine virtuelle Maschine u. U. ungeeignet.\u00a0<\/span><\/p>\n<hr \/>\n<p><span style=\"font-family: helvetica, arial, sans-serif; font-size: 24pt; color: #345c00;\">CD\/DVD<\/span><\/p>\n<p><span style=\"font-family: helvetica, arial, sans-serif;\"><strong>Modell: Asus ZenDrive<\/strong><\/span><\/p>\n<p class=\"ProductDescription-Title\"><span style=\"font-family: helvetica, arial, sans-serif;\"><strong>ASUS DVD-Brenner SDRW-08U7M-U<\/strong><\/span><\/p>\n<p class=\"ProductDescription-Subtitle\"><span style=\"font-family: helvetica, arial, sans-serif;\">Schlanker, externer DVD-Brenner mit M-DISC-Support, schwarz, retail<\/span><\/p>\n<div class=\"ProductDescription-BulletPoints\">\n<ul class=\"cds-List cds-List--Bulleted\">\n<li><span style=\"font-family: helvetica, arial, sans-serif;\">DVDs mit bis zu 8-facher Geschwindigkeit beschreiben<\/span><\/li>\n<li><span style=\"font-family: helvetica, arial, sans-serif;\">Anbindung \u00fcber USB 2.0<\/span><\/li>\n<li><span style=\"font-family: helvetica, arial, sans-serif;\">13mm schlankes Design mit ansprechenden, Zenbook-typischen Designelementen<\/span><\/li>\n<li><span style=\"font-family: helvetica, arial, sans-serif;\">Beschreibt auch M-DISCs &#8211; Ideal zur langfristigen Datenspeicherung<\/span><\/li>\n<li><span style=\"font-family: helvetica, arial, sans-serif;\">Inklusive zwei M-DISC-Rohlinge, Cyberlink Power2Go, Nero BackItUp<\/span><\/li>\n<\/ul>\n<\/div>\n<p class=\"ProductDescription-Lead\"><span style=\"font-family: helvetica, arial, sans-serif;\">Der ASUS ZenDrive U7M DVD-Brenner zeichnet sich durch den schlanken Formfaktor von 13 mm und und die Metallic-Oberfl\u00e4che mit ansprechenden, konzentrischen Ringen aus, die man schon von Zenbooks her kennt. So ist der portable Brenner eine praktische Erg\u00e4nzung zu d\u00fcnnen Notebooks, die kein eigenes, optisches Laufwerk besitzen. Ein ganz besonderes Highlight ist seine F\u00e4higkeit, M-DISCs zu beschreiben.<\/span><\/p>\n<div class=\"ProductDescription-Paragraph\">\n<p class=\"ProductDescription-ParagraphTitle\"><span style=\"font-family: helvetica, arial, sans-serif;\"><strong>M-DISC<\/strong><\/span><\/p>\n<p><span style=\"font-family: helvetica, arial, sans-serif;\">Mit der M-DISC steht Ihnen eine ausgezeichnete L\u00f6sung zur langfristigen Datenspeicherung und -Archivierung zur Verf\u00fcgung. Im Gegensatz zu herk\u00f6mmlichen Discs enthalten M-DISCs keine organische Schicht, die mit der Zeit zersetzt wird, und auch keine Reflexionsschicht, die oxidieren k\u00f6nnte. Dadurch haben sie eine beinahe unbegrenzte Haltbarkeit und sind wesentlich unempfindlicher gegen\u00fcber extremen Temperaturen, Luftfeuchtigkeit und Sonneneinstrahlung.<\/span><\/p>\n<p><img loading=\"lazy\" decoding=\"async\" class=\"aligncenter size-full wp-image-462\" src=\"https:\/\/linux-notebook.ch\/wp-content\/uploads\/2023\/07\/ASUS_ZenDrive.png\" alt=\"\" width=\"692\" height=\"692\" \/><\/p>\n<p><span style=\"font-family: helvetica, arial, sans-serif;\"><span style=\"font-size: 48pt; color: #345c00;\"><sup>\u00a047,-<\/sup><sub>CHF<\/sub><\/span><\/span><\/p>\n<\/div>\n<hr \/>\n<p><span style=\"font-family: helvetica, arial, sans-serif;\">Weitere Peripherieger\u00e4te, wie Bildschirme, Drucker, Tastaturen, M\u00e4use, externe CD\/DVD-Ger\u00e4te, unser google-freies Smartphone VOLLA PHONE u.v.m. findest Du in unserem<\/span><\/p>\n<p><span style=\"font-family: helvetica, arial, sans-serif;\"><a href=\"http:\/\/www.edv-lehmann.ch\/shopindex.cfm?id=56&amp;abt=Shop\" target=\"_blank\" rel=\"noopener\"><span style=\"font-size: 24pt; color: #345c000;\">EDV LEHMANN-SHOP<\/span><\/a><\/span><\/p>\n<p><span style=\"font-family: helvetica, arial, sans-serif;\">&#8230;oder, l\u00e4ute uns einfach an!<\/span><\/p>\n","protected":false},"excerpt":{"rendered":"<p>DATENSICHERUNG Konfiguration des System- und Datensicherungs-tools timeshift (optional: t\u00e4glich \/ w\u00f6chentlich od. variabel) + separates Daten-Backup Modell: Toshiba Externe Festplatte Canvio Basics 4 TB Verbindungsm\u00f6glichkeiten: USB 3.0, abw\u00e4rtskompatibel mit USB 2.0 Stromversorgung \u00fcber USB LINUX ext4-formatiert f\u00fcr LINUX mint Plug-and-Play + LINUX mounted 180,-CHF VIRTUELLE MASCHINE (Windows) Konfiguration einer virtuellen Maschine (optional: VMWare* od. virtual [&hellip;]<\/p>\n","protected":false},"author":1,"featured_media":0,"parent":0,"menu_order":0,"comment_status":"closed","ping_status":"closed","template":"","meta":{"footnotes":""},"class_list":["post-241","page","type-page","status-publish","hentry"],"jetpack_sharing_enabled":true,"_links":{"self":[{"href":"https:\/\/weg-von-windows.ch\/index.php\/wp-json\/wp\/v2\/pages\/241","targetHints":{"allow":["GET"]}}],"collection":[{"href":"https:\/\/weg-von-windows.ch\/index.php\/wp-json\/wp\/v2\/pages"}],"about":[{"href":"https:\/\/weg-von-windows.ch\/index.php\/wp-json\/wp\/v2\/types\/page"}],"author":[{"embeddable":true,"href":"https:\/\/weg-von-windows.ch\/index.php\/wp-json\/wp\/v2\/users\/1"}],"replies":[{"embeddable":true,"href":"https:\/\/weg-von-windows.ch\/index.php\/wp-json\/wp\/v2\/comments?post=241"}],"version-history":[{"count":4,"href":"https:\/\/weg-von-windows.ch\/index.php\/wp-json\/wp\/v2\/pages\/241\/revisions"}],"predecessor-version":[{"id":258,"href":"https:\/\/weg-von-windows.ch\/index.php\/wp-json\/wp\/v2\/pages\/241\/revisions\/258"}],"wp:attachment":[{"href":"https:\/\/weg-von-windows.ch\/index.php\/wp-json\/wp\/v2\/media?parent=241"}],"curies":[{"name":"wp","href":"https:\/\/api.w.org\/{rel}","templated":true}]}}